{"id":977,"date":"2026-01-22T16:47:06","date_gmt":"2026-01-22T21:47:06","guid":{"rendered":"https:\/\/alliance-solutions.ca\/terms-and-conditions\/"},"modified":"2026-02-24T19:34:40","modified_gmt":"2026-02-25T00:34:40","slug":"terms-and-conditions","status":"publish","type":"page","link":"https:\/\/alliance-solutions.ca\/en\/terms-and-conditions\/","title":{"rendered":"Terms and conditions"},"content":{"rendered":"\t\t<div data-elementor-type=\"wp-page\" data-elementor-id=\"977\" class=\"elementor elementor-977 elementor-379\" data-elementor-post-type=\"page\">\n\t\t\t\t<div class=\"elementor-element elementor-element-3ffc953 e-con-full e-flex e-con e-parent\" data-id=\"3ffc953\" data-element_type=\"container\" data-e-type=\"container\" data-settings=\"{&quot;background_background&quot;:&quot;classic&quot;}\">\n\t\t<div class=\"elementor-element elementor-element-4c25c26 e-flex e-con-boxed e-con e-child\" data-id=\"4c25c26\" data-element_type=\"container\" data-e-type=\"container\">\n\t\t\t\t\t<div class=\"e-con-inner\">\n\t\t<div class=\"elementor-element elementor-element-c7285b6 e-con-full e-flex e-con e-child\" data-id=\"c7285b6\" data-element_type=\"container\" data-e-type=\"container\">\n\t\t\t\t<div class=\"elementor-element elementor-element-c80c908 elementor-widget elementor-widget-heading\" data-id=\"c80c908\" data-element_type=\"widget\" data-e-type=\"widget\" data-widget_type=\"heading.default\">\n\t\t\t\t\t<h1 class=\"elementor-heading-title elementor-size-default\">Terms and conditions<\/h1>\t\t\t\t<\/div>\n\t\t\t\t<div class=\"elementor-element elementor-element-2a98f44 elementor-widget elementor-widget-text-editor\" data-id=\"2a98f44\" data-element_type=\"widget\" data-e-type=\"widget\" data-widget_type=\"text-editor.default\">\n\t\t\t\t\t\t\t\t\t<p>Our terms and conditions of use for our website and newsletter<\/p>\n\t\t\t\t\t\t\t\t<\/div>\n\t\t\t\t<\/div>\n\t\t\t\t\t<\/div>\n\t\t\t\t<\/div>\n\t\t\t\t<\/div>\n\t\t<div class=\"elementor-element elementor-element-5a69177 e-flex e-con-boxed e-con e-parent\" data-id=\"5a69177\" data-element_type=\"container\" data-e-type=\"container\">\n\t\t\t\t\t<div class=\"e-con-inner\">\n\t\t\t\t<div class=\"elementor-element elementor-element-d770ec9 texteslegaux elementor-widget elementor-widget-text-editor\" data-id=\"d770ec9\" data-element_type=\"widget\" data-e-type=\"widget\" data-widget_type=\"text-editor.default\">\n\t\t\t\t\t\t\t\t\t<h4>Conditions d&#8217;utilisation<\/h4>\n<h5>Acceptation et modification des conditions d&#8217;utilisation<\/h5>\n<p>L\u2019utilisation du site internet alliance-solutions.ca (ci-apr\u00e8s nomm\u00e9 le \u00ab Site Web \u00bb) de la compagnie propri\u00e9taire Alliance Solutions (\u00ab Alliance Solutions \u00bb) implique l\u2019acceptation des conditions d\u2019utilisation \u00e9nonc\u00e9es dans ce document (ci-apr\u00e8s les \u00ab Termes \u00bb). En utilisant ce Site Web, l\u2019internaute (\u00ab l\u2019Utilisateur \u00bb) indique qu\u2019il a lu et compris les Termes et qu\u2019il accepte de les respecter en tout temps.<\/p>\n<p>En cas de non-acceptation des Termes stipul\u00e9s dans les pr\u00e9sentes conditions d\u2019utilisation, l\u2019Utilisateur se doit de renoncer \u00e0 l\u2019acc\u00e8s des services propos\u00e9s par le Site Web. Alliance Solutions se r\u00e9serve le droit de modifier unilat\u00e9ralement et \u00e0 tout moment le contenu des pr\u00e9sents Termes.<\/p>\n<p>Les pr\u00e9sents Termes sont des conditions sp\u00e9cifiques qui ont uniquement trait \u00e0 l\u2019utilisation du Site Web. Pour des informations sur nos autres termes l\u00e9gaux, veuillez consulter notre Politique de protection des renseignements personnels et politique de confidentialit\u00e9.<\/p>\n<h4>Contexte<\/h4>\n<p>Le Site Web est exploit\u00e9 par Alliance Solutions, une entreprise qui a son si\u00e8ge social \u00e0 L\u2019Assomption, Qu\u00e9bec, Canada.<\/p>\n<p><em><strong>Usage personnel<\/strong><\/em><br \/>Le Site Web est mis \u00e0 la disposition des internautes exclusivement pour usage personnel et non commercial.<\/p>\n<p><em><strong>Description du service<\/strong><\/em><br \/>Le Site Web offre des renseignements aux Utilisateurs qui d\u00e9sirent s\u2019informer sur Alliance Solutions. Il diffuse \u00e9galement les services et programmes offerts par des organismes affili\u00e9s.<\/p>\n<h4>H\u00e9bergement du Site Web<\/h4>\n<p>Le Site Web est h\u00e9berg\u00e9 chez Ionos, dont les serveurs sont situ\u00e9s aux \u00c9tats-Unis. Consultez leur Termes et leur Politique relative \u00e0 la vie priv\u00e9e.<\/p>\n<h4>Liens vers d&#8217;autres sites Internet<\/h4>\n<p>Le Site Web inclut des liens vers d\u2019autres sites Internet. Dans la mesure o\u00f9 Alliance Solutions ne peut contr\u00f4ler ces sites, il n\u2019est pas possible de garantir l\u2019exactitude et l\u2019exhaustivit\u00e9 des contenus, publicit\u00e9s, produits, services ou de tout autre mat\u00e9riel disponible sur ou \u00e0 partir de ces sites. De plus, Alliance Solutions ne peut \u00eatre tenu responsable de tout dommage ou perte av\u00e9r\u00e9 ou all\u00e9gu\u00e9 cons\u00e9cutif ou en relation avec l\u2019utilisation ou avec le fait d\u2019avoir fait confiance au contenu, \u00e0 des biens ou des services disponibles sur ces sites Internet.<\/p>\n<h4>Contenu du Site Web<\/h4>\n<p>Sauf dans les cas pr\u00e9vus dans les pr\u00e9sents Termes, (i) Alliance Solutions ne garantit pas que l\u2019acc\u00e8s au Site Web sera ininterrompu ou exempt d\u2019erreurs; (ii) Alliance Solutions ne donne aucune garantie quant aux conseils, informations et r\u00e9sultats pouvant \u00eatre obtenus par l\u2019utilisation du Site Web; (iii) dans la mesure maximale permise par les lois applicables, Alliance Solutions ne fait aucune autre d\u00e9claration, condition, garantie ou caution, expresse ou implicite, concernant l\u2019exactitude, la qualit\u00e9, la fiabilit\u00e9 ou l\u2019exhaustivit\u00e9 de toute production ou information. Sauf indication contraire dans les pr\u00e9sents Termes, l\u2019Utilisateur renonce par la pr\u00e9sente \u00e0 ses droits sur les garanties, d\u00e9clarations ou conditions susmentionn\u00e9es, qu\u2019elles soient expresses ou implicites. L\u2019Utilisateur ne pourra jamais se retourner contre Alliance Solutions en cas d\u2019\u00e9chec ou de difficult\u00e9 \u00e0 solliciter un service propos\u00e9 par le Site Web, pour cause de dysfonctionnement de celui-ci.<\/p>\n<h4>Limitation de responsabilit\u00e9<\/h4>\n<p>Sauf dans les cas pr\u00e9vus dans les pr\u00e9sents Termes, (i) Siatris inc ne garantit pas que l\u2019acc\u00e8s au Site Web sera ininterrompu ou exempt d\u2019erreurs; (ii) Siatris inc ne donne aucune garantie quant aux conseils, informations et r\u00e9sultats pouvant \u00eatre obtenus par l\u2019utilisation du Site Web; (iii) dans la mesure maximale permise par les lois applicables, Siatris inc ne fait aucune autre d\u00e9claration, condition, garantie ou caution, expresse ou implicite, concernant l\u2019exactitude, la qualit\u00e9, la fiabilit\u00e9 ou l\u2019exhaustivit\u00e9 de toute production ou information. Sauf indication contraire dans les pr\u00e9sents Termes, l\u2019Utilisateur renonce par la pr\u00e9sente \u00e0 ses droits sur les garanties, d\u00e9clarations ou conditions susmentionn\u00e9es, qu\u2019elles soient expresses ou implicites. L\u2019Utilisateur ne pourra jamais se retourner contre Siatris inc en cas d\u2019\u00e9chec ou de difficult\u00e9 \u00e0 solliciter un service propos\u00e9 par le Site Web, pour cause de dysfonctionnement de celui-ci.<\/p>\n<h4>Responsabilit\u00e9s de l&#8217;utilisateur du Site Web<\/h4>\n<p>Pour b\u00e9n\u00e9ficier d\u2019une s\u00e9curit\u00e9 maximale, il est conseill\u00e9 de:<\/p>\n<ul>\n<li>utiliser la version la plus r\u00e9cente d\u2019un navigateur conforme aux exigences de s\u00e9curit\u00e9 (protocole SSL \u00e0 chiffrement de 128 bits);<\/li>\n<li>effacer la m\u00e9moire cache de l \u00bbordinateur apr\u00e8s avoir transmis des donn\u00e9es;<\/li>\n<li>garder les donn\u00e9es d\u2019identification, le code d\u2019acc\u00e8s et le mot de passe confidentiels (Le Site Web ne peut en aucun cas \u00eatre tenu responsable d\u2019un usage non autoris\u00e9 de ceux-ci. Si leur confidentialit\u00e9 venait \u00e0 \u00eatre compromise, veuillez en aviser imm\u00e9diatement Alliance Solutions pour \u00e9viter une utilisation frauduleuse de l\u2019identit\u00e9).<\/li>\n<\/ul>\n<h4>Indemnit\u00e9<\/h4>\n<p>L\u2019Utilisateur indemnise par les pr\u00e9sentes Alliance Solutions de toute responsabilit\u00e9, de tout co\u00fbt, de toute cause d\u2019action, de tout dommage ou de toute d\u00e9pense d\u00e9coulant de son utilisation de ce Site Web ou de sa violation de l\u2019une des dispositions \u00e9nonc\u00e9es dans le pr\u00e9sent document.<\/p>\n<h4>Droits de propri\u00e9t\u00e9 intellectuelle<\/h4>\n<p>Les informations contenues dans le pr\u00e9sent Site Web sont la propri\u00e9t\u00e9 de Alliance Solutions qui en d\u00e9tient les droits de propri\u00e9t\u00e9 intellectuelle. \u00c0 moins d\u2019avis contraire, les droits de Alliance Solutions s\u2019appliquent \u00e0 tous les documents, photos, fichiers audio, donn\u00e9es, compilations et autres \u0153uvres qui y sont diffus\u00e9es. Les marques de commerce sont \u00e9galement prot\u00e9g\u00e9es.<\/p>\n<h4>Int\u00e9grit\u00e9 de l&#8217;information<\/h4>\n<p>Alliance Solutions garantit l\u2019int\u00e9grit\u00e9 de l\u2019information au moment pr\u00e9cis o\u00f9 elle appara\u00eet dans le Site Web et non ult\u00e9rieurement.Alliance Solutions ne se porte aucunement garant de quelque document, donn\u00e9e ou autre contenu d\u00e8s que celui-ci est alt\u00e9r\u00e9 ou modifi\u00e9 de quelque mani\u00e8re, apr\u00e8s t\u00e9l\u00e9chargement ou non. De plus, en cas de divergence entre un texte officiel et le contenu de ce Site Web, le texte officiel pr\u00e9vaut.<\/p>\n<h4>Propri\u00e9t\u00e9 intellectuelle<\/h4>\n<p>Les droits de propri\u00e9t\u00e9 intellectuelle sont des droits exclusifs que d\u00e9tient Alliance Solutions sur les documents que la compagnie produit ou publie. Ces droits comprennent notamment les droits d\u2019auteur, les marques de commerce et les brevets d\u2019invention.<\/p>\n<p>Par exemple, les compilations de donn\u00e9es et d\u2019information contenues dans le site sont des \u0153uvres prot\u00e9g\u00e9es par droit d\u2019auteur au m\u00eame titre qu\u2019une \u0153uvre multim\u00e9dia, litt\u00e9raire, musicale ou artistique.<\/p>\n<p>L\u2019utilisation des objets couverts par de tels droits par une tierce personne doit, sauf indication contraire et exceptions contenues dans les lois pertinentes, faire l\u2019objet d\u2019autorisations, licences, permissions ou concessions d\u2019int\u00e9r\u00eat de la part du titulaire des droits. C\u2019est notamment le cas de la reproduction, du stockage ou de la mise en m\u00e9moire \u00e0 des fins autres que celles strictement permises.<\/p>\n<p>Ainsi, quiconque envisage ou d\u00e9sire, \u00e0 des fins de commercialisation, reproduire, stocker, t\u00e9l\u00e9charger, traduire, pr\u00e9senter en public des sons ou images ou communiquer par t\u00e9l\u00e9communication quelque document, donn\u00e9e ou autre contenu de ce Site Web doit obtenir l\u2019autorisation pr\u00e9alable de Alliance Solutions. Cette autorisation peut \u00eatre obtenue en contactant Alliance Solutions aux coordonn\u00e9es disponibles dans la section CONTACT de ce Site Web.<\/p>\n<p>De plus, lors de l\u2019utilisation de ces \u0153uvres, au sens large, quiconque ne peut ni en soustraire le nom de l\u2019ayant droit ni modifier le contenu, par addition, suppression ou autrement, sans porter atteinte aux droits moraux.<\/p>\n<h4>Lois applicables<\/h4>\n<p>Ces Termes sont r\u00e9gis et interpr\u00e9t\u00e9s conform\u00e9ment aux lois de la province du Qu\u00e9bec.<\/p>\n<h5>Contact<\/h5>\n<p>Pour plus d\u2019information sur ces Termes, adressez vos questions:<\/p>\n<p>Yanick St-Yves<br \/>Alliances solutions<br \/>1012 Rue Fontaine L\u2019Assomption QC J5W 0B7<br \/>514.246.7112<br \/><a href=\"mailto:yan@alliance-solutions.ca\">yan@alliance-solutions.ca<\/a><br \/>alliance-solutions.ca<\/p>\n<p>Date de derni\u00e8re modification : Septembre 2023<\/p>\n<p>Consultez \u00e9galement: <a href=\"#\">Nos Politique de protection des renseignements personnels et politique de confidentialit\u00e9<\/a><\/p>\n\t\t\t\t\t\t\t\t<\/div>\n\t\t\t\t\t<\/div>\n\t\t\t\t<\/div>\n\t\t\t\t<\/div>\n\t\t","protected":false},"excerpt":{"rendered":"<p>Terms of use for the Alliance Solutions website. Intellectual property rights, responsibilities and legal terms in Quebec.<\/p>\n","protected":false},"author":2,"featured_media":1036,"parent":0,"menu_order":0,"comment_status":"closed","ping_status":"closed","template":"elementor_theme","meta":{"footnotes":""},"class_list":["post-977","page","type-page","status-publish","has-post-thumbnail","hentry"],"yoast_head":"<!-- This site is optimized with the Yoast SEO plugin v27.1.1 - https:\/\/yoast.com\/product\/yoast-seo-wordpress\/ -->\n<title>Terms and conditions of use | Alliance Solutions<\/title>\n<meta name=\"description\" content=\"Terms of use for the Alliance Solutions website. Intellectual property rights, responsibilities and legal terms in Quebec.\" \/>\n<meta name=\"robots\" content=\"index, follow, max-snippet:-1, max-image-preview:large, max-video-preview:-1\" \/>\n<link rel=\"canonical\" href=\"https:\/\/alliance-solutions.ca\/en\/terms-and-conditions\/\" \/>\n<meta property=\"og:locale\" content=\"en_US\" \/>\n<meta property=\"og:type\" content=\"article\" \/>\n<meta property=\"og:title\" content=\"Terms and conditions of use | Alliance Solutions\" \/>\n<meta property=\"og:description\" content=\"Terms of use for the Alliance Solutions website. Intellectual property rights, responsibilities and legal terms in Quebec.\" \/>\n<meta property=\"og:url\" content=\"https:\/\/alliance-solutions.ca\/en\/terms-and-conditions\/\" \/>\n<meta property=\"og:site_name\" content=\"Alliance Solutions\" \/>\n<meta property=\"article:modified_time\" content=\"2026-02-25T00:34:40+00:00\" \/>\n<meta property=\"og:image\" content=\"https:\/\/alliance-solutions.ca\/wp-content\/uploads\/sociaux_general.jpg\" \/>\n\t<meta property=\"og:image:width\" content=\"1200\" \/>\n\t<meta property=\"og:image:height\" content=\"675\" \/>\n\t<meta property=\"og:image:type\" content=\"image\/jpeg\" \/>\n<meta name=\"twitter:card\" content=\"summary_large_image\" \/>\n<script type=\"application\/ld+json\" class=\"yoast-schema-graph\">{\"@context\":\"https:\/\/schema.org\",\"@graph\":[{\"@type\":\"WebPage\",\"@id\":\"https:\/\/alliance-solutions.ca\/en\/terms-and-conditions\/\",\"url\":\"https:\/\/alliance-solutions.ca\/en\/terms-and-conditions\/\",\"name\":\"Terms and conditions of use | Alliance Solutions\",\"isPartOf\":{\"@id\":\"https:\/\/alliance-solutions.ca\/en\/#website\"},\"primaryImageOfPage\":{\"@id\":\"https:\/\/alliance-solutions.ca\/en\/terms-and-conditions\/#primaryimage\"},\"image\":{\"@id\":\"https:\/\/alliance-solutions.ca\/en\/terms-and-conditions\/#primaryimage\"},\"thumbnailUrl\":\"https:\/\/alliance-solutions.ca\/wp-content\/uploads\/sociaux_general.jpg\",\"datePublished\":\"2026-01-22T21:47:06+00:00\",\"dateModified\":\"2026-02-25T00:34:40+00:00\",\"description\":\"Terms of use for the Alliance Solutions website. Intellectual property rights, responsibilities and legal terms in Quebec.\",\"breadcrumb\":{\"@id\":\"https:\/\/alliance-solutions.ca\/en\/terms-and-conditions\/#breadcrumb\"},\"inLanguage\":\"en-US\",\"potentialAction\":[{\"@type\":\"ReadAction\",\"target\":[\"https:\/\/alliance-solutions.ca\/en\/terms-and-conditions\/\"]}]},{\"@type\":\"ImageObject\",\"inLanguage\":\"en-US\",\"@id\":\"https:\/\/alliance-solutions.ca\/en\/terms-and-conditions\/#primaryimage\",\"url\":\"https:\/\/alliance-solutions.ca\/wp-content\/uploads\/sociaux_general.jpg\",\"contentUrl\":\"https:\/\/alliance-solutions.ca\/wp-content\/uploads\/sociaux_general.jpg\",\"width\":1200,\"height\":675},{\"@type\":\"BreadcrumbList\",\"@id\":\"https:\/\/alliance-solutions.ca\/en\/terms-and-conditions\/#breadcrumb\",\"itemListElement\":[{\"@type\":\"ListItem\",\"position\":1,\"name\":\"Accueil\",\"item\":\"https:\/\/alliance-solutions.ca\/en\/\"},{\"@type\":\"ListItem\",\"position\":2,\"name\":\"Terms and conditions\"}]},{\"@type\":\"WebSite\",\"@id\":\"https:\/\/alliance-solutions.ca\/en\/#website\",\"url\":\"https:\/\/alliance-solutions.ca\/en\/\",\"name\":\"Alliance Solutions\",\"description\":\"Automatisation industrielle et robotique\",\"publisher\":{\"@id\":\"https:\/\/alliance-solutions.ca\/en\/#organization\"},\"alternateName\":\"Alliance Solutions\",\"potentialAction\":[{\"@type\":\"SearchAction\",\"target\":{\"@type\":\"EntryPoint\",\"urlTemplate\":\"https:\/\/alliance-solutions.ca\/en\/?s={search_term_string}\"},\"query-input\":{\"@type\":\"PropertyValueSpecification\",\"valueRequired\":true,\"valueName\":\"search_term_string\"}}],\"inLanguage\":\"en-US\"},{\"@type\":\"Organization\",\"@id\":\"https:\/\/alliance-solutions.ca\/en\/#organization\",\"name\":\"Alliance Solutions\",\"alternateName\":\"Alliance Solutions\",\"url\":\"https:\/\/alliance-solutions.ca\/en\/\",\"logo\":{\"@type\":\"ImageObject\",\"inLanguage\":\"en-US\",\"@id\":\"https:\/\/alliance-solutions.ca\/en\/#\/schema\/logo\/image\/\",\"url\":\"https:\/\/alliance-solutions.ca\/wp-content\/uploads\/cropped-AllianceSolutions-favicon.png\",\"contentUrl\":\"https:\/\/alliance-solutions.ca\/wp-content\/uploads\/cropped-AllianceSolutions-favicon.png\",\"width\":512,\"height\":512,\"caption\":\"Alliance Solutions\"},\"image\":{\"@id\":\"https:\/\/alliance-solutions.ca\/en\/#\/schema\/logo\/image\/\"},\"sameAs\":[\"https:\/\/www.linkedin.com\/company\/alliance-solutions-maintenance\/posts\/?feedView=all&viewAsMember=true\"]}]}<\/script>\n<!-- \/ Yoast SEO plugin. -->","yoast_head_json":{"title":"Terms and conditions of use | Alliance Solutions","description":"Terms of use for the Alliance Solutions website. Intellectual property rights, responsibilities and legal terms in Quebec.","robots":{"index":"index","follow":"follow","max-snippet":"max-snippet:-1","max-image-preview":"max-image-preview:large","max-video-preview":"max-video-preview:-1"},"canonical":"https:\/\/alliance-solutions.ca\/en\/terms-and-conditions\/","og_locale":"en_US","og_type":"article","og_title":"Terms and conditions of use | Alliance Solutions","og_description":"Terms of use for the Alliance Solutions website. Intellectual property rights, responsibilities and legal terms in Quebec.","og_url":"https:\/\/alliance-solutions.ca\/en\/terms-and-conditions\/","og_site_name":"Alliance Solutions","article_modified_time":"2026-02-25T00:34:40+00:00","og_image":[{"width":1200,"height":675,"url":"https:\/\/alliance-solutions.ca\/wp-content\/uploads\/sociaux_general.jpg","type":"image\/jpeg"}],"twitter_card":"summary_large_image","schema":{"@context":"https:\/\/schema.org","@graph":[{"@type":"WebPage","@id":"https:\/\/alliance-solutions.ca\/en\/terms-and-conditions\/","url":"https:\/\/alliance-solutions.ca\/en\/terms-and-conditions\/","name":"Terms and conditions of use | Alliance Solutions","isPartOf":{"@id":"https:\/\/alliance-solutions.ca\/en\/#website"},"primaryImageOfPage":{"@id":"https:\/\/alliance-solutions.ca\/en\/terms-and-conditions\/#primaryimage"},"image":{"@id":"https:\/\/alliance-solutions.ca\/en\/terms-and-conditions\/#primaryimage"},"thumbnailUrl":"https:\/\/alliance-solutions.ca\/wp-content\/uploads\/sociaux_general.jpg","datePublished":"2026-01-22T21:47:06+00:00","dateModified":"2026-02-25T00:34:40+00:00","description":"Terms of use for the Alliance Solutions website. Intellectual property rights, responsibilities and legal terms in Quebec.","breadcrumb":{"@id":"https:\/\/alliance-solutions.ca\/en\/terms-and-conditions\/#breadcrumb"},"inLanguage":"en-US","potentialAction":[{"@type":"ReadAction","target":["https:\/\/alliance-solutions.ca\/en\/terms-and-conditions\/"]}]},{"@type":"ImageObject","inLanguage":"en-US","@id":"https:\/\/alliance-solutions.ca\/en\/terms-and-conditions\/#primaryimage","url":"https:\/\/alliance-solutions.ca\/wp-content\/uploads\/sociaux_general.jpg","contentUrl":"https:\/\/alliance-solutions.ca\/wp-content\/uploads\/sociaux_general.jpg","width":1200,"height":675},{"@type":"BreadcrumbList","@id":"https:\/\/alliance-solutions.ca\/en\/terms-and-conditions\/#breadcrumb","itemListElement":[{"@type":"ListItem","position":1,"name":"Accueil","item":"https:\/\/alliance-solutions.ca\/en\/"},{"@type":"ListItem","position":2,"name":"Terms and conditions"}]},{"@type":"WebSite","@id":"https:\/\/alliance-solutions.ca\/en\/#website","url":"https:\/\/alliance-solutions.ca\/en\/","name":"Alliance Solutions","description":"Automatisation industrielle et robotique","publisher":{"@id":"https:\/\/alliance-solutions.ca\/en\/#organization"},"alternateName":"Alliance Solutions","potentialAction":[{"@type":"SearchAction","target":{"@type":"EntryPoint","urlTemplate":"https:\/\/alliance-solutions.ca\/en\/?s={search_term_string}"},"query-input":{"@type":"PropertyValueSpecification","valueRequired":true,"valueName":"search_term_string"}}],"inLanguage":"en-US"},{"@type":"Organization","@id":"https:\/\/alliance-solutions.ca\/en\/#organization","name":"Alliance Solutions","alternateName":"Alliance Solutions","url":"https:\/\/alliance-solutions.ca\/en\/","logo":{"@type":"ImageObject","inLanguage":"en-US","@id":"https:\/\/alliance-solutions.ca\/en\/#\/schema\/logo\/image\/","url":"https:\/\/alliance-solutions.ca\/wp-content\/uploads\/cropped-AllianceSolutions-favicon.png","contentUrl":"https:\/\/alliance-solutions.ca\/wp-content\/uploads\/cropped-AllianceSolutions-favicon.png","width":512,"height":512,"caption":"Alliance Solutions"},"image":{"@id":"https:\/\/alliance-solutions.ca\/en\/#\/schema\/logo\/image\/"},"sameAs":["https:\/\/www.linkedin.com\/company\/alliance-solutions-maintenance\/posts\/?feedView=all&viewAsMember=true"]}]}},"_links":{"self":[{"href":"https:\/\/alliance-solutions.ca\/en\/wp-json\/wp\/v2\/pages\/977","targetHints":{"allow":["GET"]}}],"collection":[{"href":"https:\/\/alliance-solutions.ca\/en\/wp-json\/wp\/v2\/pages"}],"about":[{"href":"https:\/\/alliance-solutions.ca\/en\/wp-json\/wp\/v2\/types\/page"}],"author":[{"embeddable":true,"href":"https:\/\/alliance-solutions.ca\/en\/wp-json\/wp\/v2\/users\/2"}],"replies":[{"embeddable":true,"href":"https:\/\/alliance-solutions.ca\/en\/wp-json\/wp\/v2\/comments?post=977"}],"version-history":[{"count":4,"href":"https:\/\/alliance-solutions.ca\/en\/wp-json\/wp\/v2\/pages\/977\/revisions"}],"predecessor-version":[{"id":1063,"href":"https:\/\/alliance-solutions.ca\/en\/wp-json\/wp\/v2\/pages\/977\/revisions\/1063"}],"wp:featuredmedia":[{"embeddable":true,"href":"https:\/\/alliance-solutions.ca\/en\/wp-json\/wp\/v2\/media\/1036"}],"wp:attachment":[{"href":"https:\/\/alliance-solutions.ca\/en\/wp-json\/wp\/v2\/media?parent=977"}],"curies":[{"name":"wp","href":"https:\/\/api.w.org\/{rel}","templated":true}]}}